{"id":72,"date":"2022-04-24T20:31:02","date_gmt":"2022-04-24T20:31:02","guid":{"rendered":"https:\/\/practical-med.svr003.de\/?page_id=72"},"modified":"2022-05-05T08:04:34","modified_gmt":"2022-05-05T08:04:34","slug":"practical-med","status":"publish","type":"page","link":"https:\/\/practical-med.svr003.de\/","title":{"rendered":"Practical Med"},"content":{"rendered":"<p>[vc_row equal_height=&#8221;yes&#8221; content_placement=&#8221;top&#8221; css=&#8221;.vc_custom_1650883094741{margin-top: 0px !important;margin-bottom: 0px !important;padding-top: 0px !important;padding-right: 0px !important;padding-bottom: 0px !important;padding-left: 0px !important;background-position: center !important;background-repeat: no-repeat !important;background-size: cover !important;}&#8221;][vc_column width=&#8221;2\/6&#8243; css=&#8221;.vc_custom_1650882434174{margin-top: 0px !important;padding-top: 0px !important;background-image: url(https:\/\/practical-med.svr003.de\/wp-content\/uploads\/2022\/04\/AdobeStock_471479257_1-scaled.jpg?id=77) !important;background-position: center !important;background-repeat: no-repeat !important;background-size: cover !important;}&#8221; el_class=&#8221;container-top-left&#8221;][vc_row_inner content_placement=&#8221;top&#8221; css=&#8221;.vc_custom_1650887536075{margin-top: 0px !important;margin-bottom: 0px !important;padding-top: 0px !important;padding-bottom: 0px !important;background-color: #0c91d1 !important;}&#8221;][vc_column_inner css=&#8221;.vc_custom_1650962813947{margin-top: 0px !important;margin-bottom: 0px !important;padding-top: 30px !important;padding-right: 20px !important;padding-bottom: 20px !important;padding-left: 40px !important;}&#8221;][vc_column_text css=&#8221;.vc_custom_1650973896744{border-left-width: 4px !important;padding-left: 10px !important;border-left-color: #ffffff !important;border-left-style: solid !important;}&#8221; el_class=&#8221;adelle-font left-italic&#8221;]<\/p>\n<p style=\"color: #fff; font-size: 33px; line-height: 40px;\"><em>Abnehmhilfe<\/em><br \/>\n<em>von Dr. med. von Seck,<\/em><br \/>\n<em>ohne JO\u2013JO\u2013Effekt!<\/em>[\/vc_column_text][\/vc_column_inner][\/vc_row_inner][vc_row_inner css=&#8221;.vc_custom_1650882462126{background-position: center !important;background-repeat: no-repeat !important;background-size: cover !important;}&#8221;][vc_column_inner el_class=&#8221;adelle-font-column&#8221; css=&#8221;.vc_custom_1651172996015{padding-right: 25px !important;padding-left: 25px !important;}&#8221;][\/vc_column_inner][\/vc_row_inner][vc_column_text el_class=&#8221;left-side-text&#8221; css=&#8221;.vc_custom_1651172891442{padding-right: 30px !important;padding-left: 30px !important;}&#8221;]<\/p>\n<div><strong>Abnehmen kann eigentlich jede\/r. Warum schaffen es so viele nicht?<\/strong><br \/>\nAbnehmen ist ja theoretisch ganz einfach \u2013 man muss einfach weniger Kalorien zu sich nehmen, als man verbrennt. Und<br \/>\n<a class=\"readmore\">mehr&#8230;<\/a><\/div>\n<div><strong>Wie entsteht eigentlich \u00dcbergewicht?<\/strong><br \/>\nEs beginnt meist im Baby- und Kindesalter. Wir kennen das alle: Noch ein L\u00f6ffelchen f\u00fcr den Opa,noch eine Gabel f\u00fcr die kranke Tante \u2026<br \/>\n<a class=\"readmore\">mehr&#8230;<\/a><\/div>\n<div><strong>Unsere Abnehmhilfe ist ein von der \u00c4rztekammer zugelassenes und weltweit patentiertes Medizinprodukt. Was bedeutet dies?<\/strong><br \/>\nDie Abnehmhilfe wurde von medizinischen Fachleuten \u00fcberpr\u00fcft und als Medizinprodukt zugelassen.Dies spricht f\u00fcr die G\u00fcte der Abnehmhilfe\u2026..<br \/>\n<a class=\"readmore\">mehr&#8230;<\/a><\/div>\n<div><strong>Die wissenschaftlichen Studien und langj\u00e4hrigen Praxisbeobachtungen, welche die Wirksamkeit unserer Abnehmhilfe best\u00e4tigen und dokumentieren.<\/strong><br \/>\nLorem Ipsum\u2026..<br \/>\n<a class=\"readmore\">mehr&#8230;<\/a><\/div>\n<div><strong>Wer in 4 Wochen 15 kg abnehmen will \u2013 wie das viele Werbungen suggerieren \u2013<br \/>\nIst bei uns falsch!<\/strong><br \/>\nEine Abnahme von 15 kg in 4 Wochen ist nach unseren Recherchen absolut unrealistisch. Aber auch eine Abnahme von z.B. 10 kg in 4 Wochen ist\u2026<br \/>\n<a class=\"readmore\">mehr&#8230;<\/a><\/div>\n<div><strong>Was tun, damit auch ich stressfrei und nachhaltig abnehme? Und \u2026 was kostet die Abnehmhilfe?<\/strong><br \/>\n1. Senden Sie uns ganz einfach eine Mail mit Ihrem Namen und Ihrer Telefonnummer oder f\u00fcllen Sie unser Kontaktformular aus\u2026..<br \/>\n<a class=\"readmore\">mehr&#8230;<\/a><\/div>\n<p>[\/vc_column_text][\/vc_column][vc_column width=&#8221;4\/6&#8243; css=&#8221;.vc_custom_1650883065954{margin-top: 0px !important;margin-right: 0px !important;margin-bottom: 0px !important;margin-left: 0px !important;padding-top: 0px !important;padding-right: 0px !important;padding-bottom: 0px !important;padding-left: 0px !important;background-position: center !important;background-repeat: no-repeat !important;background-size: cover !important;}&#8221;][vc_row_inner content_placement=&#8221;middle&#8221; el_class=&#8221;container-top-right&#8221; css=&#8221;.vc_custom_1650883393770{margin-top: 0px !important;margin-right: 0px !important;margin-bottom: 0px !important;margin-left: 0px !important;padding-top: 0px !important;padding-right: 0px !important;padding-bottom: 0px !important;padding-left: 0px !important;background-image: url(https:\/\/practical-med.svr003.de\/wp-content\/uploads\/2022\/04\/AdobeStock_144458296-scaled.jpg?id=76) !important;background-position: center !important;background-repeat: no-repeat !important;background-size: cover !important;}&#8221;][vc_column_inner width=&#8221;1\/4&#8243; css=&#8221;.vc_custom_1650887918847{margin-top: 0px !important;margin-bottom: 0px !important;padding-top: 0px !important;padding-right: 0px !important;padding-bottom: 0px !important;}&#8221;][\/vc_column_inner][vc_column_inner width=&#8221;1\/2&#8243;][vc_custom_heading text=&#8221;Gewichtsprobleme <strong>dauerhaft<\/strong> in den Griff bekommen.&#8221; font_container=&#8221;tag:p|font_size:53px|text_align:left|color:%2362a83e|line_height:60px&#8221; use_theme_fonts=&#8221;yes&#8221; el_class=&#8221;futura-font section-title&#8221;][vc_separator color=&#8221;green&#8221; align=&#8221;align_left&#8221; border_width=&#8221;4&#8243; el_width=&#8221;30&#8243;][vc_column_text]<\/p>\n<h3 class=\"adelle-font sub-header\" style=\"color: #0c92d1;\"><strong>Ut elit tellus, luctus nec ullamcorper mattis<\/strong><\/h3>\n<ul class=\"adelle-font subheader-list\">\n<li>Hpulvinar elit.<\/li>\n<li>Kdapibus leo.<\/li>\n<\/ul>\n<p>[\/vc_column_text][\/vc_column_inner][vc_column_inner width=&#8221;1\/4&#8243;][\/vc_column_inner][\/vc_row_inner][vc_row_inner css=&#8221;.vc_custom_1650883446637{margin-top: 0px !important;margin-right: 0px !important;margin-bottom: 0px !important;margin-left: 0px !important;padding-top: 0px !important;padding-right: 0px !important;padding-bottom: 0px !important;padding-left: 0px !important;}&#8221;][vc_column_inner css=&#8221;.vc_custom_1650883282077{margin-top: 0px !important;margin-right: 0px !important;margin-bottom: 0px !important;margin-left: 0px !important;padding-top: 0px !important;padding-right: 0px !important;padding-bottom: 0px !important;padding-left: 0px !important;}&#8221;][vc_video link=&#8221;https:\/\/www.youtube.com\/watch?v=iK2DIGC1TJI&#8221; align=&#8221;center&#8221; css=&#8221;.vc_custom_1650883658323{margin-top: 0px !important;margin-right: 0px !important;margin-bottom: 0px !important;margin-left: 0px !important;padding-top: 0px !important;padding-right: 0px !important;padding-bottom: 0px !important;padding-left: 0px !important;}&#8221; el_id=&#8221;top-container-video&#8221;][\/vc_column_inner][\/vc_row_inner][\/vc_column][\/vc_row][vc_row content_placement=&#8221;bottom&#8221; css=&#8221;.vc_custom_1651737003270{margin-top: 0px !important;margin-bottom: 0px !important;padding-top: 0px !important;padding-right: 0px !important;padding-bottom: 0px !important;padding-left: 0px !important;background-image: url(https:\/\/practical-med.svr003.de\/wp-content\/uploads\/2022\/04\/1000_F_115990178_rF0x0uaiBPOWhKH0xiVMFSvD65A50Qoi.jpg?id=97) !important;background-position: center !important;background-repeat: no-repeat !important;background-size: cover !important;}&#8221; el_class=&#8221;kontakt-section&#8221;][vc_column width=&#8221;1\/4&#8243; el_class=&#8221;column-to-bottom kontakt-left&#8221; css=&#8221;.vc_custom_1651737700520{padding-right: 15px !important;padding-left: 15px !important;}&#8221;]<div class=\"infobox\" ><h3>Subhead<\/h3><div class=\"infobox_wrapper\"><span class=\"ib-desc\">Wilhelm-Kopp-Stra\u00dfe 2<br \/>\n65203 Wiesbaden ffdsd<\/span><\/div><\/div>\n<div class=\"infobox\" ><h3>SubHead<\/h3><div class=\"infobox_wrapper\"><span class=\"ib-desc\">K\u00f6rnerstrasse 7, 12169 Berlin<br \/>\nTelefon: 0611 531 7564<br \/>\nTelefax: 0611 532 9892<br \/>\nMail:<\/span><\/div><\/div>\n[\/vc_column][vc_column width=&#8221;3\/4&#8243; css=&#8221;.vc_custom_1650980137618{margin-right: 0px !important;margin-left: 0px !important;padding-right: 0px !important;padding-left: 0px !important;}&#8221;][vc_empty_space height=&#8221;300px&#8221; el_class=&#8221;mobile-hide&#8221;]\n            <div \n                class=\"elfsight-widget-google-maps elfsight-widget\" \n                data-elfsight-google-maps-options=\"%7B%22categoriesEnabled%22%3Atrue%2C%22categories%22%3A%5B%5D%2C%22icons%22%3A%5B%7B%22value%22%3A%22c8354cf7-e4b0-4bab-a968-ea57ef53f101%22%2C%22name%22%3A%22https%3A%5C%2F%5C%2Fpractical-med.svr003.de%5C%2Fwp-content%5C%2Fuploads%5C%2F2022%5C%2F04%5C%2Fpin-googlemaps.png%22%2C%22preview%22%3A%22https%3A%5C%2F%5C%2Fpractical-med.svr003.de%5C%2Fwp-content%5C%2Fuploads%5C%2F2022%5C%2F04%5C%2Fpin-googlemaps.png%22%2C%22iconType%22%3A%22custom%22%2C%22iconLibrary%22%3A%22default%22%2C%22iconCustom%22%3A%22https%3A%5C%2F%5C%2Fpractical-med.svr003.de%5C%2Fwp-content%5C%2Fuploads%5C%2F2022%5C%2F04%5C%2Fpin-googlemaps.png%22%2C%22iconColor%22%3A%22%22%2C%22iconSize%22%3A32%7D%5D%2C%22lang%22%3A%22en%22%2C%22distanceUnits%22%3A%22mi%22%2C%22markers%22%3A%5B%7B%22position%22%3A%221600%20Amphitheatre%20Pkwy%2C%20USA%22%2C%22coordinates%22%3A%2237.4224082%2C%20-122.0856086%22%2C%22icon%22%3A%22default%22%2C%22iconUrl%22%3A%22%22%2C%22infoWindow%22%3Atrue%2C%22infoTitle%22%3A%22Googleplex%22%2C%22infoDescription%22%3A%22The%20Googleplex%20is%20the%20corporate%20headquarters%20complex%20of%20Google%2C%20Inc.%20and%20its%20parent%20company%20Alphabet%20Inc.%22%2C%22infoImage%22%3A%22https%3A%5C%2F%5C%2Felfsight.com%5C%2Fassets%5C%2Fgoogle-maps-marker-image.jpg%22%2C%22infoAddress%22%3A%221600%20Amphitheatre%20Pkwy%2C%20Mountain%20View%2C%20CA%2094043%2C%20USA%22%2C%22infoSite%22%3A%22google.com%22%2C%22infoPhone%22%3A%22%2B1%20650-253-0000%22%2C%22infoEmail%22%3A%22info%40google.com%22%2C%22infoWorkingHours%22%3A%22from%209am%20to%206pm%20CET%20Monday-Friday%22%2C%22infoWindowOpenedByDefault%22%3Atrue%2C%22markerClickAction%22%3A%22infoWindow%22%2C%22animation%22%3A%22none%22%2C%22linkUrl%22%3A%22%22%7D%5D%2C%22mapType%22%3A%22roadmap%22%2C%22center%22%3A%22auto%22%2C%22zoom%22%3A%22auto%22%2C%22controls%22%3A%5B%22zoom%22%2C%22mapType%22%2C%22scale%22%2C%22streetView%22%2C%22rotate%22%2C%22fullScreen%22%5D%2C%22markerClusterEnabled%22%3Atrue%2C%22markerClusterZoom%22%3Atrue%2C%22markerClusterMin%22%3A2%2C%22markerClusterIcon%22%3A%22default%22%2C%22markerClusterIconColor%22%3A%22%22%2C%22markerClusterIconUrl%22%3Anull%2C%22markerClusterSize%22%3A52%2C%22infoDirections%22%3Atrue%2C%22directionsTarget%22%3A%22inline%22%2C%22scrollwheel%22%3Afalse%2C%22draggable%22%3Atrue%2C%22layers%22%3A%5B%5D%2C%22width%22%3A%22auto%22%2C%22height%22%3A%22212%22%2C%22panelEnabled%22%3Atrue%2C%22panelOpenByDefault%22%3Atrue%2C%22panelSearchVisible%22%3Atrue%2C%22panelSearchBy%22%3A%22markers%22%2C%22panelSearchPlaceholder%22%3A%22%22%2C%22panelListItemElements%22%3A%5B%22title%22%2C%22category%22%2C%22image%22%2C%22address%22%2C%22phone%22%2C%22workingHours%22%5D%2C%22mainColor%22%3A%22rgb%2866%2C%20133%2C%20244%29%22%2C%22style%22%3A%22default%22%2C%22colorGeometry%22%3A%22%22%2C%22colorLabelsTextFill%22%3A%22%22%2C%22colorLabelsTextStroke%22%3A%22%22%2C%22colorAdministrativeGeometryStroke%22%3A%22%22%2C%22colorAdministrativeLandParcel%22%3A%22%22%2C%22colorLandscapeNaturalGeometry%22%3A%22%22%2C%22colorPoiGeometry%22%3A%22%22%2C%22colorPoiLabelsTextFill%22%3A%22%22%2C%22colorPoiParkGeometryFill%22%3A%22%22%2C%22colorPoiParkLabelsTextFill%22%3A%22%22%2C%22colorRoadGeometry%22%3A%22%22%2C%22colorRoadArterial%22%3A%22%22%2C%22colorRoadHighway%22%3A%22%22%2C%22colorRoadHighwayGeometryStroke%22%3A%22%22%2C%22colorRoadHighwayControlledAccessGeometry%22%3A%22%22%2C%22colorRoadHighwayControlledAccessGeometryStroke%22%3A%22%22%2C%22colorRoadLocalLabelsTextFill%22%3A%22%22%2C%22colorTransitLineGeometry%22%3A%22%22%2C%22colorTransitLineLabelsTextFill%22%3A%22%22%2C%22colorTransitLineLabelsTextStroke%22%3A%22%22%2C%22colorTransitStationGeometry%22%3A%22%22%2C%22colorWaterGeometryFill%22%3A%22%22%2C%22colorWaterLabelTextFill%22%3A%22%22%2C%22customGoogleMapsStyles%22%3A%22%22%2C%22apiKey%22%3A%22%22%2C%22widgetId%22%3A%222%22%7D\" \n                data-elfsight-google-maps-version=\"2.4.2\"\n                data-elfsight-widget-id=\"elfsight-google-maps-2\">\n            <\/div>\n            [\/vc_column][\/vc_row][vc_row content_placement=&#8221;middle&#8221; css=&#8221;.vc_custom_1651737039244{margin-top: 0px !important;margin-bottom: 0px !important;background-color: #d2e6c8 !important;}&#8221;][vc_column css=&#8221;.vc_custom_1650890058946{background-image: url(https:\/\/practical-med.svr003.de\/wp-content\/uploads\/2022\/04\/muster.png?id=138) !important;background-position: 0 0 !important;background-repeat: no-repeat !important;}&#8221;][vc_btn title=&#8221;Buchen Sie jetzt Ihren termim&#8221; style=&#8221;custom&#8221; custom_background=&#8221;&#8221; custom_text=&#8221;#36a5d9&#8243; shape=&#8221;square&#8221; size=&#8221;lg&#8221; align=&#8221;center&#8221; css=&#8221;.vc_custom_1650974189561{padding-top: 40px !important;padding-right: 40px !important;padding-bottom: 40px !important;padding-left: 40px !important;}&#8221; el_class=&#8221;bottom-large-button adelle-font&#8221;][\/vc_column][\/vc_row]<\/p>\n","protected":false},"excerpt":{"rendered":"<p>[vc_row equal_height=&#8221;yes&#8221; content_placement=&#8221;top&#8221; css=&#8221;.vc_custom_1650883094741{margin-top: 0px !important;margin-bottom: 0px !important;padding-top: 0px !important;padding-right: 0px !important;padding-bottom:<span class=\"excerpt-hellip\"> [\u2026]<\/span><\/p>\n","protected":false},"author":1,"featured_media":0,"parent":0,"menu_order":0,"comment_status":"closed","ping_status":"closed","template":"","meta":{"footnotes":""},"class_list":["post-72","page","type-page","status-publish","hentry"],"_links":{"self":[{"href":"https:\/\/practical-med.svr003.de\/index.php?rest_route=\/wp\/v2\/pages\/72","targetHints":{"allow":["GET"]}}],"collection":[{"href":"https:\/\/practical-med.svr003.de\/index.php?rest_route=\/wp\/v2\/pages"}],"about":[{"href":"https:\/\/practical-med.svr003.de\/index.php?rest_route=\/wp\/v2\/types\/page"}],"author":[{"embeddable":true,"href":"https:\/\/practical-med.svr003.de\/index.php?rest_route=\/wp\/v2\/users\/1"}],"replies":[{"embeddable":true,"href":"https:\/\/practical-med.svr003.de\/index.php?rest_route=%2Fwp%2Fv2%2Fcomments&post=72"}],"version-history":[{"count":85,"href":"https:\/\/practical-med.svr003.de\/index.php?rest_route=\/wp\/v2\/pages\/72\/revisions"}],"predecessor-version":[{"id":188,"href":"https:\/\/practical-med.svr003.de\/index.php?rest_route=\/wp\/v2\/pages\/72\/revisions\/188"}],"wp:attachment":[{"href":"https:\/\/practical-med.svr003.de\/index.php?rest_route=%2Fwp%2Fv2%2Fmedia&parent=72"}],"curies":[{"name":"wp","href":"https:\/\/api.w.org\/{rel}","templated":true}]}}